{"id":28755,"date":"2020-02-03T16:06:12","date_gmt":"2020-02-03T15:06:12","guid":{"rendered":"https:\/\/beta1.vitafruit.it\/?page_id=28755"},"modified":"2021-08-30T14:36:35","modified_gmt":"2021-08-30T12:36:35","slug":"impressum","status":"publish","type":"page","link":"https:\/\/vitafruit.it\/ru\/impressum\/","title":{"rendered":"Imprint"},"content":{"rendered":"<p>[et_pb_section fb_built=&#8220;1&#8243; custom_padding_last_edited=&#8220;on|phone&#8220; module_id=&#8220;blurb-tabs&#8220; _builder_version=&#8220;4.3.3&#8243; background_color=&#8220;#DE3129&#8243; background_enable_image=&#8220;off&#8220; custom_margin=&#8220;28px||||false|false&#8220; custom_margin_tablet=&#8220;0px||&#8220; custom_margin_phone=&#8220;0px||0px&#8220; custom_margin_last_edited=&#8220;on|phone&#8220; custom_padding=&#8220;200px|0px|150px|0px|false|false&#8220; custom_padding_tablet=&#8220;&#8220; custom_padding_phone=&#8220;210px||50px||false|false&#8220; border_color_all=&#8220;#DE3229&#8243; border_width_all_tablet=&#8220;&#8220; border_width_all_phone=&#8220;&#8220; border_width_all_last_edited=&#8220;on|desktop&#8220; border_color_all_last_edited=&#8220;off|desktop&#8220; filter_opacity__hover=&#8220;100%&#8220;][et_pb_row custom_padding_last_edited=&#8220;on|phone&#8220; module_class=&#8220; et_pb_row_fullwidth&#8220; _builder_version=&#8220;3.29.3&#8243; width=&#8220;88%&#8220; width_tablet=&#8220;80%&#8220; width_phone=&#8220;&#8220; width_last_edited=&#8220;on|desktop&#8220; max_width=&#8220;100%&#8220; max_width_tablet=&#8220;80%&#8220; max_width_phone=&#8220;&#8220; max_width_last_edited=&#8220;on|desktop&#8220; custom_padding=&#8220;25.5938px|31px|25.5938px|0px|false|false&#8220; custom_padding_tablet=&#8220;&#8220; custom_padding_phone=&#8220;|0px||&#8220; make_fullwidth=&#8220;on&#8220;][et_pb_column type=&#8220;4_4&#8243; _builder_version=&#8220;3.25&#8243; custom_padding=&#8220;|||&#8220; custom_padding__hover=&#8220;|||&#8220;][et_pb_text _builder_version=&#8220;3.27.4&#8243; text_font=&#8220;|700|||||||&#8220; text_letter_spacing=&#8220;1px&#8220; header_font=&#8220;||||||||&#8220; header_text_align=&#8220;left&#8220; header_font_size=&#8220;80px&#8220; background_layout=&#8220;dark&#8220; custom_margin=&#8220;||||false|false&#8220; custom_margin_tablet=&#8220;&#8220; custom_margin_phone=&#8220;|||0px|false|false&#8220; custom_margin_last_edited=&#8220;on|phone&#8220; animation_style=&#8220;fade&#8220; animation_delay=&#8220;150ms&#8220; header_font_size_tablet=&#8220;&#8220; header_font_size_phone=&#8220;35px&#8220; header_font_size_last_edited=&#8220;on|phone&#8220; header_text_shadow_style=&#8220;preset2&#8243;]<\/p>\n<h1>Imprint<\/h1>\n<p>[\/et_pb_text][\/et_pb_column][\/et_pb_row][\/et_pb_section][et_pb_section fb_built=&#8220;1&#8243; _builder_version=&#8220;3.29.3&#8243; custom_margin=&#8220;0px|0px|0px|0px|false|false&#8220; custom_padding=&#8220;|0px|0px|0px|false|false&#8220;][et_pb_row column_structure=&#8220;1_2,1_2&#8243; _builder_version=&#8220;3.27.2&#8243; width=&#8220;87%&#8220; max_width=&#8220;100%&#8220; custom_margin=&#8220;0px||||false|false&#8220; custom_padding=&#8220;0px||||false|false&#8220; locked=&#8220;off&#8220;][et_pb_column type=&#8220;1_2&#8243; _builder_version=&#8220;3.25&#8243; custom_padding=&#8220;|||&#8220; custom_padding__hover=&#8220;|||&#8220;][et_pb_text _builder_version=&#8220;4.4.2&#8243; text_font_size=&#8220;16px&#8220; text_line_height=&#8220;1.5em&#8220; link_font=&#8220;||||on||||&#8220; link_text_color=&#8220;#666666&#8243; background_color=&#8220;#f2f2f2&#8243; custom_padding=&#8220;20px|30px|20px|30px|true|true&#8220; border_radii=&#8220;on|5px|5px|5px|5px&#8220;]<\/p>\n<p><strong>Herausgeber:<\/strong><\/p>\n<p>Vitafruit GmbH<br \/>Gewerbezone Mitterling 2<br \/>39010 Gargazon (BZ)<br \/>South Tyrol \/ Italy<\/p>\n<p>Telefon: +39 0473 491 320<br \/>Fax: +39 0473 491 321<\/p>\n<p>Email:\u00a0<a href=\"https:\/\/vitafruit.it\/ru\/\">www.vitafruit.it<\/a><br \/>Web:\u00a0<a href=\"mailto:info@vitafruit.it\">info@vitafruit.it<\/a><\/p>\n<p>MwSt.-Nr.\/Part.IVA <span>IT02802030219<\/span><br \/>Eingetr. H.R.\/Iscr. REA BZ Nr. 177228<br \/>Ges. Kap. \/ Cap. Soc. \u20ac 15.000,00<\/p>\n<p>[\/et_pb_text][\/et_pb_column][et_pb_column type=&#8220;1_2&#8243; _builder_version=&#8220;3.25&#8243; custom_padding=&#8220;|||&#8220; custom_padding__hover=&#8220;|||&#8220;][et_pb_text _builder_version=&#8220;4.4.2&#8243; text_font_size=&#8220;16px&#8220; text_line_height=&#8220;1.5em&#8220; link_font=&#8220;||||on||||&#8220; link_text_color=&#8220;#666666&#8243; background_color=&#8220;#f2f2f2&#8243; custom_padding=&#8220;20px|30px|20px|30px|true|true&#8220; border_radii=&#8220;on|5px|5px|5px|5px&#8220;]<\/p>\n<p><strong>Webdesign &amp; Entwicklung:<\/strong><\/p>\n<p><a href=\"http:\/\/www.w2are.online\">W2<\/a><br \/> NOI Techpark<br \/> 39100 Bozen<br \/> MwSt Nr. IT02912510217<\/p>\n<p><a href=\"mailto:hello@w2are.online\">hello@w2are.online<\/a><br \/> <a href=\"http:\/\/www.w2are.online\" target=\"_blank\" rel=\"noopener noreferrer\">www.w2are.online<\/a><\/p>\n<p>[\/et_pb_text][et_pb_text _builder_version=&#8220;4.2.2&#8243; text_font_size=&#8220;16px&#8220; text_line_height=&#8220;1.5em&#8220; link_font=&#8220;||||on||||&#8220; link_text_color=&#8220;#666666&#8243; background_color=&#8220;#f2f2f2&#8243; custom_margin=&#8220;48px||||false|false&#8220; custom_margin_tablet=&#8220;&#8220; custom_margin_phone=&#8220;32px||||false|false&#8220; custom_margin_last_edited=&#8220;on|phone&#8220; custom_padding=&#8220;20px|30px|20px|30px|true|true&#8220; border_radii=&#8220;on|5px|5px|5px|5px&#8220;]<\/p>\n<p><strong>Copyright Foto:<\/strong><\/p>\n<p> Vitafruit, Fotolia, S\u00fcdtirolfoto<\/p>\n<p>[\/et_pb_text][\/et_pb_column][\/et_pb_row][et_pb_row column_structure=&#8220;1_2,1_2&#8243; _builder_version=&#8220;4.2.2&#8243; width=&#8220;87%&#8220; max_width=&#8220;100%&#8220; custom_margin=&#8220;||||false|false&#8220; custom_margin_tablet=&#8220;&#8220; custom_margin_phone=&#8220;40px||||false|false&#8220; custom_margin_last_edited=&#8220;on|desktop&#8220; custom_padding=&#8220;||||false|false&#8220; locked=&#8220;off&#8220;][et_pb_column type=&#8220;1_2&#8243; _builder_version=&#8220;3.25&#8243; custom_padding=&#8220;|||&#8220; custom_padding__hover=&#8220;|||&#8220;][et_pb_text _builder_version=&#8220;4.2.2&#8243; text_font_size=&#8220;16px&#8220; text_line_height=&#8220;1.5em&#8220; link_font=&#8220;||||on||||&#8220; link_text_color=&#8220;#666666&#8243; text_orientation=&#8220;justified&#8220; custom_padding=&#8220;|30px||30px|false|true&#8220;]<\/p>\n<p><strong>Haftungshinweis:<\/strong><\/p>\n<p>\u2022 Inhalt des Onlineangebotes: Wir bem\u00fchen uns, auf dieser Website richtige und vollst\u00e4ndige Informationen zur Verf\u00fcgung zu stellen. Wir \u00fcbernehmen jedoch keine Haftung oder Garantie f\u00fcr die Aktualit\u00e4t, Richtigkeit und Vollst\u00e4ndigkeit der bereitgestellten Informationen.<br \/> \u2022 Verweise und Links: Trotz sorgf\u00e4ltiger inhaltlicher Kontrolle \u00fcbernehmen wir keine Haftung f\u00fcr die Inhalte externer Links. F\u00fcr den Inhalt der verlinkten Seiten sind ausschlie\u00dflich deren Betreiber verantwortlich.<\/p>\n<p>[\/et_pb_text][\/et_pb_column][et_pb_column type=&#8220;1_2&#8243; _builder_version=&#8220;3.25&#8243; custom_padding=&#8220;|||&#8220; custom_padding__hover=&#8220;|||&#8220;][et_pb_text _builder_version=&#8220;4.2.2&#8243; text_font_size=&#8220;16px&#8220; text_line_height=&#8220;1.5em&#8220; link_font=&#8220;||||on||||&#8220; link_text_color=&#8220;#666666&#8243; text_orientation=&#8220;justified&#8220; custom_margin_tablet=&#8220;&#8220; custom_margin_phone=&#8220;40px||||false|false&#8220; custom_margin_last_edited=&#8220;on|phone&#8220; custom_padding=&#8220;|30px||30px|false|true&#8220;]<\/p>\n<p><strong>Privacy:<\/strong><\/p>\n<p>Die von Ihnen gelieferten Daten werden ausschlie\u00dflich f\u00fcr den Versand der Anfrage verwendet und werden nicht an Dritte weitergegeben (laut Gesetz Nr. 665\/669 &#8222;Privacy&#8220;: Im Sinne der Art. 10 und 13 des Gestzes Nr. 675 vom 31.12.1996 und nachfolgender \u00c4nderungen, welche die Behandlung von pers\u00f6nlichen Daten betreffen). Die Verwendung erfolgt ausschlie\u00dflich in Erf\u00fcllung der gegenseitig eingegangenen Vertragsverpflichtungen, sowie zum Zwecke der Bewerbung der T\u00e4tigkeit des Users. Der User ist berechtigt, diese Daten zu \u00fcberpr\u00fcfen, zu \u00e4ndern, deren L\u00f6schung zu verlangen oder sich deren Verwendung zu widersetzen, vorbehaltlich der bestehenden Vertragsverpflichtungen.<\/p>\n<p>[\/et_pb_text][\/et_pb_column][\/et_pb_row][\/et_pb_section][et_pb_section fb_built=&#8220;1&#8243; _builder_version=&#8220;3.26.3&#8243; custom_margin=&#8220;||||false|false&#8220; custom_padding=&#8220;|0px|0|0px|false|false&#8220;][et_pb_row column_structure=&#8220;1_3,1_3,1_3&#8243; custom_padding_last_edited=&#8220;on|desktop&#8220; module_class=&#8220; et_pb_row_fullwidth&#8220; _builder_version=&#8220;4.3.3&#8243; background_color=&#8220;#DD312A&#8220; width=&#8220;90%&#8220; width_tablet=&#8220;80%&#8220; width_phone=&#8220;95%&#8220; width_last_edited=&#8220;on|phone&#8220; max_width=&#8220;95%&#8220; max_width_tablet=&#8220;80%&#8220; max_width_phone=&#8220;90%&#8220; max_width_last_edited=&#8220;on|desktop&#8220; module_alignment=&#8220;center&#8220; custom_margin=&#8220;||&#8220; custom_padding=&#8220;120px|50px|130px|100px|false|false&#8220; custom_padding_tablet=&#8220;&#8220; custom_padding_phone=&#8220;|15px||40px|false|false&#8220; make_fullwidth=&#8220;on&#8220;][et_pb_column type=&#8220;1_3&#8243; _builder_version=&#8220;4.3.3&#8243; custom_padding=&#8220;||||false|false&#8220; custom_padding__hover=&#8220;|||&#8220;][et_pb_text _builder_version=&#8220;4.4.1&#8243; text_font=&#8220;||||||||&#8220; header_font=&#8220;||||||||&#8220; header_text_align=&#8220;left&#8220; header_text_color=&#8220;#ffffff&#8220; header_font_size=&#8220;37px&#8220; header_font_size_tablet=&#8220;&#8220; header_font_size_phone=&#8220;27px&#8220; header_font_size_last_edited=&#8220;on|phone&#8220; header_line_height_tablet=&#8220;&#8220; header_line_height_phone=&#8220;1em&#8220; header_line_height_last_edited=&#8220;on|desktop&#8220;]<\/p>\n<h1><strong>Vitafruit Group<\/strong><\/h1>\n<p>[\/et_pb_text][et_pb_text _builder_version=&#8220;4.2.2&#8243; text_font=&#8220;||||||||&#8220; text_text_color=&#8220;#ffffff&#8220; text_font_size=&#8220;23px&#8220; text_line_height=&#8220;1.5em&#8220; header_font=&#8220;||||||||&#8220; custom_margin_tablet=&#8220;&#8220; custom_margin_phone=&#8220;||50px|&#8220; custom_margin_last_edited=&#8220;on|phone&#8220; text_font_size_tablet=&#8220;&#8220; text_font_size_phone=&#8220;18px&#8220; text_font_size_last_edited=&#8220;on|desktop&#8220; text_line_height_tablet=&#8220;&#8220; text_line_height_phone=&#8220;1.5em&#8220; text_line_height_last_edited=&#8220;on|phone&#8220;]<\/p>\n<p>Gewerbezone Mitterling 2<br \/> 39010 Gargazon (BZ)<br \/> South Tyrol \/ Italy<\/p>\n<p>[\/et_pb_text][\/et_pb_column][et_pb_column type=&#8220;1_3&#8243; _builder_version=&#8220;4.3.3&#8243; custom_padding=&#8220;|||40px|false|false&#8220; custom_padding_tablet=&#8220;50px|||0px|false|false&#8220; custom_padding_phone=&#8220;0px|||0px|false|false&#8220; custom_padding_last_edited=&#8220;on|phone&#8220; custom_padding__hover=&#8220;|||&#8220;][et_pb_text _builder_version=&#8220;3.27.4&#8243; text_font=&#8220;||||||||&#8220; header_font=&#8220;|700|||||||&#8220; header_text_align=&#8220;left&#8220; header_text_color=&#8220;#ffffff&#8220; header_font_size=&#8220;37px&#8220; header_text_color_tablet=&#8220;&#8220; header_text_color_phone=&#8220;&#8220; header_text_color_last_edited=&#8220;on|desktop&#8220; header_font_size_tablet=&#8220;&#8220; header_font_size_phone=&#8220;27px&#8220; header_font_size_last_edited=&#8220;on|phone&#8220;]<\/p>\n<h1>\u041a\u043e\u043d\u0442\u0430\u043a\u0442\u044b<\/h1>\n<p>[\/et_pb_text][et_pb_text _builder_version=&#8220;4.2.2&#8243; text_font=&#8220;||||||||&#8220; text_text_color=&#8220;#ffffff&#8220; text_font_size=&#8220;23px&#8220; text_line_height=&#8220;1.5em&#8220; custom_margin_tablet=&#8220;&#8220; custom_margin_phone=&#8220;||50px&#8220; custom_margin_last_edited=&#8220;on|phone&#8220; text_font_size_tablet=&#8220;&#8220; text_font_size_phone=&#8220;18px&#8220; text_font_size_last_edited=&#8220;on|phone&#8220;]<\/p>\n<p>T +39 0473 491 320<br \/> F +39 0473 491 321<br \/> <a href=\"mailto:info@vitafruit.it\">info@vitafruit.it<\/a><br \/> <a href=\"https:\/\/vitafruit.it\/ru\/\">www.vitafruit.it<\/a><\/p>\n<p>[\/et_pb_text][\/et_pb_column][et_pb_column type=&#8220;1_3&#8243; _builder_version=&#8220;4.3.3&#8243; custom_padding=&#8220;|||40px|false|false&#8220; custom_padding_tablet=&#8220;50px|||0px|false|false&#8220; custom_padding_phone=&#8220;0px|||0px|false|false&#8220; custom_padding_last_edited=&#8220;on|phone&#8220; custom_padding__hover=&#8220;|||&#8220;][et_pb_text _builder_version=&#8220;3.27.4&#8243; header_font=&#8220;|700|||||||&#8220; header_text_align=&#8220;left&#8220; header_text_color=&#8220;#ffffff&#8220; header_font_size=&#8220;37px&#8220; header_font_size_tablet=&#8220;&#8220; header_font_size_phone=&#8220;27px&#8220; header_font_size_last_edited=&#8220;on|desktop&#8220;]<\/p>\n<h1>\u042e\u0440\u0438\u0434\u0438\u0447\u0435\u0441\u043a\u0438\u0439<\/h1>\n<p>[\/et_pb_text][et_pb_text _builder_version=&#8220;4.4.1&#8243; text_font=&#8220;||||||||&#8220; text_text_color=&#8220;#ffffff&#8220; text_font_size=&#8220;23px&#8220; text_line_height=&#8220;1.5em&#8220; custom_margin_tablet=&#8220;&#8220; custom_margin_phone=&#8220;||50px&#8220; custom_margin_last_edited=&#8220;on|phone&#8220; text_font_size_tablet=&#8220;&#8220; text_font_size_phone=&#8220;18px&#8220; text_font_size_last_edited=&#8220;on|phone&#8220;]<a href=\"https:\/\/www.iubenda.com\/privacy-policy\/33250195\">Privacy Policy<\/a><br \/>\n<a href=\"https:\/\/www.iubenda.com\/privacy-policy\/33250195\/cookie-policy\">Cookie Policy<\/a><br \/>\n<a href=\"https:\/\/vitafruit.it\/ru\/impressum\/\">Imprint<\/a><br \/>\n<a href=\"https:\/\/vitafruit.it\/ru\/page-sitemap.xml\/\" target=\"_blank\" rel=\"noopener noreferrer\">\u041a\u0430\u0440\u0442\u0430 \u0441\u0430\u0439\u0442\u0430<\/a>[\/et_pb_text][et_pb_code _builder_version=&#8220;4.2.2&#8243;]<script type=\"text\/javascript\"><!-- [et_pb_line_break_holder] -->var _iub = _iub || [];<!-- [et_pb_line_break_holder] -->_iub.csConfiguration = {\"lang\":\"en\",\"siteId\":1792795,\"cookiePolicyId\":33250195, \"banner\":{ \"acceptButtonDisplay\":true,\"customizeButtonDisplay\":true,\"position\":\"bottom\" }};<!-- [et_pb_line_break_holder] --><\/script><script type=\"text\/javascript\" src=\"\/\/cdn.iubenda.com\/cs\/iubenda_cs.js\" charset=\"UTF-8\" async><\/script>[\/et_pb_code][\/et_pb_column][\/et_pb_row][et_pb_row disabled_on=&#8220;off|off|off&#8220; _builder_version=&#8220;4.2.2&#8243; width=&#8220;25%&#8220; module_alignment=&#8220;center&#8220;][et_pb_column type=&#8220;4_4&#8243; _builder_version=&#8220;3.25&#8243; custom_padding=&#8220;|||&#8220; custom_padding__hover=&#8220;|||&#8220;][et_pb_image src=&#8220;http:\/\/beta1.vitafruit.it\/wp-content\/uploads\/2019\/07\/mobile-logo-menu@2x.png&#8220; align=&#8220;center&#8220; align_tablet=&#8220;center&#8220; align_phone=&#8220;&#8220; align_last_edited=&#8220;on|desktop&#8220; _builder_version=&#8220;4.2.2&#8243; custom_margin=&#8220;10px||||false|false&#8220;][\/et_pb_image][\/et_pb_column][\/et_pb_row][\/et_pb_section]<\/p>","protected":false},"excerpt":{"rendered":"<p>ImpressumHerausgeber: Vitafruit GmbHGewerbezone Mitterling 239010 Gargazon (BZ)S\u00fcdtirol \/ Italien Telefon: +39 0473 491 320Fax: +39 0473 491 321 Email:\u00a0www.vitafruit.itWeb:\u00a0info@vitafruit.it MwSt.-Nr.\/Part.IVA IT02802030219Eingetr. H.R.\/Iscr. REA BZ Nr. 177228Ges. Kap. \/ Cap. Soc. \u20ac 15.000,00Webdesign &amp; Entwicklung: W2 NOI Techpark 39100 Bozen MwSt Nr. IT02912510217 hello@w2are.online www.w2are.onlineCopyright Foto: Vitafruit, Fotolia, S\u00fcdtirolfotoHaftungshinweis: \u2022 Inhalt des Onlineangebotes: Wir bem\u00fchen uns, [&hellip;]<\/p>","protected":false},"author":6,"featured_media":0,"parent":0,"menu_order":0,"comment_status":"closed","ping_status":"closed","template":"","meta":{"_et_pb_use_builder":"on","_et_pb_old_content":"","_et_gb_content_width":"","footnotes":""},"class_list":["post-28755","page","type-page","status-publish","hentry"],"yoast_head":"<!-- This site is optimized with the Yoast SEO plugin v25.1 - https:\/\/yoast.com\/wordpress\/plugins\/seo\/ -->\n<title>Impressum - Vitafruit GmbH<\/title>\n<meta name=\"robots\" content=\"index, follow, max-snippet:-1, max-image-preview:large, max-video-preview:-1\" \/>\n<link rel=\"canonical\" href=\"https:\/\/vitafruit.it\/ru\/impressum\/\" \/>\n<meta name=\"twitter:label1\" content=\"\u041f\u0440\u0438\u043c\u0435\u0440\u043d\u043e\u0435 \u0432\u0440\u0435\u043c\u044f \u0434\u043b\u044f \u0447\u0442\u0435\u043d\u0438\u044f\" \/>\n\t<meta name=\"twitter:data1\" content=\"7 \u043c\u0438\u043d\u0443\u0442\" \/>\n<script type=\"application\/ld+json\" class=\"yoast-schema-graph\">{\"@context\":\"https:\/\/schema.org\",\"@graph\":[{\"@type\":\"WebPage\",\"@id\":\"https:\/\/vitafruit.it\/impressum\/\",\"url\":\"https:\/\/vitafruit.it\/impressum\/\",\"name\":\"Impressum - Vitafruit GmbH\",\"isPartOf\":{\"@id\":\"https:\/\/vitafruit.it\/#website\"},\"datePublished\":\"2020-02-03T15:06:12+00:00\",\"dateModified\":\"2021-08-30T12:36:35+00:00\",\"breadcrumb\":{\"@id\":\"https:\/\/vitafruit.it\/impressum\/#breadcrumb\"},\"inLanguage\":\"ru-RU\",\"potentialAction\":[{\"@type\":\"ReadAction\",\"target\":[\"https:\/\/vitafruit.it\/impressum\/\"]}]},{\"@type\":\"BreadcrumbList\",\"@id\":\"https:\/\/vitafruit.it\/impressum\/#breadcrumb\",\"itemListElement\":[{\"@type\":\"ListItem\",\"position\":1,\"name\":\"Startseite\",\"item\":\"https:\/\/vitafruit.it\/\"},{\"@type\":\"ListItem\",\"position\":2,\"name\":\"Impressum\"}]},{\"@type\":\"WebSite\",\"@id\":\"https:\/\/vitafruit.it\/#website\",\"url\":\"https:\/\/vitafruit.it\/\",\"name\":\"Vitafruit GmbH\",\"description\":\"\",\"potentialAction\":[{\"@type\":\"SearchAction\",\"target\":{\"@type\":\"EntryPoint\",\"urlTemplate\":\"https:\/\/vitafruit.it\/?s={search_term_string}\"},\"query-input\":{\"@type\":\"PropertyValueSpecification\",\"valueRequired\":true,\"valueName\":\"search_term_string\"}}],\"inLanguage\":\"ru-RU\"}]}<\/script>\n<!-- \/ Yoast SEO plugin. -->","yoast_head_json":{"title":"Impressum - Vitafruit GmbH","robots":{"index":"index","follow":"follow","max-snippet":"max-snippet:-1","max-image-preview":"max-image-preview:large","max-video-preview":"max-video-preview:-1"},"canonical":"https:\/\/vitafruit.it\/ru\/impressum\/","twitter_misc":{"\u041f\u0440\u0438\u043c\u0435\u0440\u043d\u043e\u0435 \u0432\u0440\u0435\u043c\u044f \u0434\u043b\u044f \u0447\u0442\u0435\u043d\u0438\u044f":"7 \u043c\u0438\u043d\u0443\u0442"},"schema":{"@context":"https:\/\/schema.org","@graph":[{"@type":"WebPage","@id":"https:\/\/vitafruit.it\/impressum\/","url":"https:\/\/vitafruit.it\/impressum\/","name":"Impressum - Vitafruit GmbH","isPartOf":{"@id":"https:\/\/vitafruit.it\/#website"},"datePublished":"2020-02-03T15:06:12+00:00","dateModified":"2021-08-30T12:36:35+00:00","breadcrumb":{"@id":"https:\/\/vitafruit.it\/impressum\/#breadcrumb"},"inLanguage":"ru-RU","potentialAction":[{"@type":"ReadAction","target":["https:\/\/vitafruit.it\/impressum\/"]}]},{"@type":"BreadcrumbList","@id":"https:\/\/vitafruit.it\/impressum\/#breadcrumb","itemListElement":[{"@type":"ListItem","position":1,"name":"Startseite","item":"https:\/\/vitafruit.it\/"},{"@type":"ListItem","position":2,"name":"Impressum"}]},{"@type":"WebSite","@id":"https:\/\/vitafruit.it\/#website","url":"https:\/\/vitafruit.it\/","name":"Vitafruit GmbH","description":"","potentialAction":[{"@type":"SearchAction","target":{"@type":"EntryPoint","urlTemplate":"https:\/\/vitafruit.it\/?s={search_term_string}"},"query-input":{"@type":"PropertyValueSpecification","valueRequired":true,"valueName":"search_term_string"}}],"inLanguage":"ru-RU"}]}},"_links":{"self":[{"href":"https:\/\/vitafruit.it\/ru\/wp-json\/wp\/v2\/pages\/28755","targetHints":{"allow":["GET"]}}],"collection":[{"href":"https:\/\/vitafruit.it\/ru\/wp-json\/wp\/v2\/pages"}],"about":[{"href":"https:\/\/vitafruit.it\/ru\/wp-json\/wp\/v2\/types\/page"}],"author":[{"embeddable":true,"href":"https:\/\/vitafruit.it\/ru\/wp-json\/wp\/v2\/users\/6"}],"replies":[{"embeddable":true,"href":"https:\/\/vitafruit.it\/ru\/wp-json\/wp\/v2\/comments?post=28755"}],"version-history":[{"count":1,"href":"https:\/\/vitafruit.it\/ru\/wp-json\/wp\/v2\/pages\/28755\/revisions"}],"predecessor-version":[{"id":30697,"href":"https:\/\/vitafruit.it\/ru\/wp-json\/wp\/v2\/pages\/28755\/revisions\/30697"}],"wp:attachment":[{"href":"https:\/\/vitafruit.it\/ru\/wp-json\/wp\/v2\/media?parent=28755"}],"curies":[{"name":"wp","href":"https:\/\/api.w.org\/{rel}","templated":true}]}}